{"id":3,"date":"2025-12-16T13:40:57","date_gmt":"2025-12-16T13:40:57","guid":{"rendered":"http:\/\/summerchamps.msmusic.de\/?page_id=3"},"modified":"2026-02-10T15:40:22","modified_gmt":"2026-02-10T15:40:22","slug":"impressum","status":"publish","type":"page","link":"https:\/\/summerchamps.msmusic.de\/en\/impressum\/","title":{"rendered":"IMPRINT"},"content":{"rendered":"\t\t<div data-elementor-type=\"wp-page\" data-elementor-id=\"3\" class=\"elementor elementor-3\" data-elementor-post-type=\"page\">\n\t\t\t\t<div class=\"elementor-element elementor-element-5211fa1b e-flex e-con-boxed e-con e-parent\" data-id=\"5211fa1b\" data-element_type=\"container\" data-e-type=\"container\">\n\t\t\t\t\t<div class=\"e-con-inner\">\n\t\t\t\t<div class=\"elementor-element elementor-element-70eba2e0 elementor-widget elementor-widget-text-editor\" data-id=\"70eba2e0\" data-element_type=\"widget\" data-e-type=\"widget\" data-widget_type=\"text-editor.default\">\n\t\t\t\t\t\t\t\t\t\n<p class=\"p2\"><strong>Impressum<\/strong><\/p>\n<p class=\"p2\">Marcel Schmutzler<br \/>MS-MEDIA &amp; EVENT SOLUTIONS<br \/>Erich-M\u00fchsam-Stra\u00dfe 109 08062 Zwickau<\/p>\n<p class=\"p3\"><strong>Kontakt<\/strong><\/p>\n<p class=\"p2\">Telefon: +49 (0) 375 88 36 40 55<br \/>E-Mail: info@msmusic.de<br \/><br \/><strong>Umsatzsteuer-ID<br \/><\/strong>Umsatzsteuer-Identifikationsnummer gem\u00e4\u00df \u00a7 27 a Umsatzsteuergesetz:<\/p>\n<p class=\"p2\">DE266768578<\/p>\n<p class=\"p3\"><strong>Angaben zur Berufshaftpflichtversicherung<\/strong><\/p>\n<p class=\"p2\">Name und Sitz des Versicherers:<br \/>Generali Deutschland AG<br \/>Adenauerring 7<br \/>81737 M\u00fcnchen<\/p>\n<p class=\"p2\">Geltungsraum der Versicherung:<br \/>Deutschland<\/p>\n<p class=\"p3\"><strong>Redaktionell verantwortlich<\/strong><\/p>\n<p class=\"p2\">Marcel Schmutzler<br \/>Erich-M\u00fchsam-Stra\u00dfe 109<br \/>DE \u2013 08062 Zwickau<\/p>\n<p class=\"p3\"><strong>Verbraucherstreitbeilegung\/Universalschlichtungsstelle<\/strong><\/p>\n<p class=\"p3\">Wir sind nicht bereit oder verpflichtet, an Streitbeilegungsverfahren vor einer Verbraucherschlichtungsstelle teilzunehmen.<\/p>\t\t\t\t\t\t\t\t<\/div>\n\t\t\t\t\t<\/div>\n\t\t\t\t<\/div>\n\t\t<div class=\"elementor-element elementor-element-acff15e e-flex e-con-boxed e-con e-parent\" data-id=\"acff15e\" data-element_type=\"container\" data-e-type=\"container\">\n\t\t\t\t\t<div class=\"e-con-inner\">\n\t\t\t\t<div class=\"elementor-element elementor-element-72b30a1 elementor-widget elementor-widget-wpforms\" data-id=\"72b30a1\" data-element_type=\"widget\" data-e-type=\"widget\" data-widget_type=\"wpforms.default\">\n\t\t\t\t<div class=\"elementor-widget-container\">\n\t\t\t\t\t<div class=\"wpforms-container wpforms-container-full wpforms-render-modern\" id=\"wpforms-987\"><form id=\"wpforms-form-987\" class=\"wpforms-validate wpforms-form wpforms-ajax-form\" data-formid=\"987\" method=\"post\" enctype=\"multipart\/form-data\" action=\"\/en\/wp-json\/wp\/v2\/pages\/3\" data-token=\"5b7709b05e5ba02947f707198c838ec7\" data-token-time=\"1776020597\"><noscript class=\"wpforms-error-noscript\">Please enable JavaScript in your browser to complete this form.<\/noscript><div id=\"wpforms-error-noscript\" style=\"display: none;\">Please enable JavaScript in your browser to complete this form.<\/div><div class=\"wpforms-field-container\"><div id=\"wpforms-987-field_1-container\" class=\"wpforms-field wpforms-field-name\" data-field-id=\"1\"><fieldset><legend class=\"wpforms-field-label\">Name <span class=\"wpforms-required-label\" aria-hidden=\"true\">*<\/span><\/legend><div class=\"wpforms-field-row wpforms-field-medium\"><div class=\"wpforms-field-row-block wpforms-first wpforms-one-half\"><input type=\"text\" id=\"wpforms-987-field_1\" class=\"wpforms-field-name-first wpforms-field-required\" name=\"wpforms[fields][1][first]\" aria-errormessage=\"wpforms-987-field_1-error\" required><label for=\"wpforms-987-field_1\" class=\"wpforms-field-sublabel after\">First<\/label><\/div><div class=\"wpforms-field-row-block wpforms-one-half\"><input type=\"text\" id=\"wpforms-987-field_1-last\" class=\"wpforms-field-name-last wpforms-field-required\" name=\"wpforms[fields][1][last]\" aria-errormessage=\"wpforms-987-field_1-last-error\" required><label for=\"wpforms-987-field_1-last\" class=\"wpforms-field-sublabel after\">Last<\/label><\/div><\/div><\/fieldset><\/div>\t\t<div id=\"wpforms-987-field_5-container\"\n\t\t\tclass=\"wpforms-field wpforms-field-text\"\n\t\t\tdata-field-type=\"text\"\n\t\t\tdata-field-id=\"5\"\n\t\t\t>\n\t\t\t<label class=\"wpforms-field-label\" for=\"wpforms-987-field_5\" >Datenschutz Nachricht Deine<\/label>\n\t\t\t<input type=\"text\" id=\"wpforms-987-field_5\" class=\"wpforms-field-medium\" name=\"wpforms[fields][5]\" >\n\t\t<\/div>\n\t\t<div id=\"wpforms-987-field_2-container\" class=\"wpforms-field wpforms-field-email\" data-field-id=\"2\"><label class=\"wpforms-field-label\" for=\"wpforms-987-field_2\">Deine E-Mail-Adresse <span class=\"wpforms-required-label\" aria-hidden=\"true\">*<\/span><\/label><input type=\"email\" id=\"wpforms-987-field_2\" class=\"wpforms-field-medium wpforms-field-required\" name=\"wpforms[fields][2]\" spellcheck=\"false\" aria-errormessage=\"wpforms-987-field_2-error\" required><\/div><div id=\"wpforms-987-field_3-container\" class=\"wpforms-field wpforms-field-textarea\" data-field-id=\"3\"><label class=\"wpforms-field-label\" for=\"wpforms-987-field_3\">Deine Nachricht<\/label><textarea id=\"wpforms-987-field_3\" class=\"wpforms-field-medium\" name=\"wpforms[fields][3]\" aria-errormessage=\"wpforms-987-field_3-error\" ><\/textarea><\/div><div id=\"wpforms-987-field_4-container\" class=\"wpforms-field wpforms-field-checkbox\" data-field-id=\"4\"><fieldset><legend class=\"wpforms-field-label\">Datenschutz <span class=\"wpforms-required-label\" aria-hidden=\"true\">*<\/span><\/legend><ul id=\"wpforms-987-field_4\" class=\"wpforms-field-required\"><li class=\"choice-1 depth-1\"><input type=\"checkbox\" id=\"wpforms-987-field_4_1\" name=\"wpforms[fields][4][]\" value=\"Ich habe die Datenschutzerkl\u00e4rung zur Kenntnis genommen und akzeptiert.\" aria-errormessage=\"wpforms-987-field_4_1-error\" required ><label class=\"wpforms-field-label-inline\" for=\"wpforms-987-field_4_1\">Ich habe die Datenschutzerkl\u00e4rung zur Kenntnis genommen und akzeptiert.<\/label><\/li><\/ul><\/fieldset><\/div><script>\n\t\t\t\t( function() {\n\t\t\t\t\tconst style = document.createElement( 'style' );\n\t\t\t\t\tstyle.appendChild( document.createTextNode( '#wpforms-987-field_5-container { position: absolute !important; overflow: hidden !important; display: inline !important; height: 1px !important; width: 1px !important; z-index: -1000 !important; padding: 0 !important; } #wpforms-987-field_5-container input { visibility: hidden; } #wpforms-conversational-form-page #wpforms-987-field_5-container label { counter-increment: none; }' ) );\n\t\t\t\t\tdocument.head.appendChild( style );\n\t\t\t\t\tdocument.currentScript?.remove();\n\t\t\t\t} )();\n\t\t\t<\/script><\/div><!-- .wpforms-field-container --><div class=\"wpforms-submit-container\" ><input type=\"hidden\" name=\"wpforms[id]\" value=\"987\"><input type=\"hidden\" name=\"page_title\" value=\"\"><input type=\"hidden\" name=\"page_url\" value=\"https:\/\/summerchamps.msmusic.de\/en\/wp-json\/wp\/v2\/pages\/3\"><input type=\"hidden\" name=\"url_referer\" value=\"\"><button type=\"submit\" name=\"wpforms[submit]\" id=\"wpforms-submit-987\" class=\"wpforms-submit\" data-alt-text=\"Wird gesendet\u00a0\u2026\" data-submit-text=\"Absenden\" aria-live=\"assertive\" value=\"wpforms-submit\">Absenden<\/button><img decoding=\"async\" src=\"https:\/\/summerchamps.msmusic.de\/wp-content\/plugins\/wpforms-lite\/assets\/images\/submit-spin.svg\" class=\"wpforms-submit-spinner\" style=\"display: none;\" width=\"26\" height=\"26\" alt=\"Loading\"><\/div><\/form><\/div>  <!-- .wpforms-container -->\t\t\t\t<\/div>\n\t\t\t\t<\/div>\n\t\t\t\t\t<\/div>\n\t\t\t\t<\/div>\n\t\t\t\t<\/div>\n\t\t","protected":false},"excerpt":{"rendered":"<p>Impressum Marcel SchmutzlerMS-MEDIA &amp; EVENT SOLUTIONSErich-M\u00fchsam-Stra\u00dfe 109 08062 Zwickau Kontakt Telefon: +49 (0) 375 88 36 40 55E-Mail: info@msmusic.de Umsatzsteuer-IDUmsatzsteuer-Identifikationsnummer gem\u00e4\u00df \u00a7 27 a Umsatzsteuergesetz: DE266768578 Angaben zur Berufshaftpflichtversicherung Name und Sitz des Versicherers:Generali Deutschland AGAdenauerring 781737 M\u00fcnchen Geltungsraum der Versicherung:Deutschland Redaktionell verantwortlich Marcel SchmutzlerErich-M\u00fchsam-Stra\u00dfe 109DE \u2013 08062 Zwickau Verbraucherstreitbeilegung\/Universalschlichtungsstelle Wir sind nicht bereit oder [&hellip;]<\/p>\n","protected":false},"author":1,"featured_media":0,"parent":0,"menu_order":2,"comment_status":"closed","ping_status":"closed","template":"","meta":{"two_page_speed":[],"footnotes":""},"class_list":["post-3","page","type-page","status-publish","hentry"],"_links":{"self":[{"href":"https:\/\/summerchamps.msmusic.de\/en\/wp-json\/wp\/v2\/pages\/3","targetHints":{"allow":["GET"]}}],"collection":[{"href":"https:\/\/summerchamps.msmusic.de\/en\/wp-json\/wp\/v2\/pages"}],"about":[{"href":"https:\/\/summerchamps.msmusic.de\/en\/wp-json\/wp\/v2\/types\/page"}],"author":[{"embeddable":true,"href":"https:\/\/summerchamps.msmusic.de\/en\/wp-json\/wp\/v2\/users\/1"}],"replies":[{"embeddable":true,"href":"https:\/\/summerchamps.msmusic.de\/en\/wp-json\/wp\/v2\/comments?post=3"}],"version-history":[{"count":0,"href":"https:\/\/summerchamps.msmusic.de\/en\/wp-json\/wp\/v2\/pages\/3\/revisions"}],"wp:attachment":[{"href":"https:\/\/summerchamps.msmusic.de\/en\/wp-json\/wp\/v2\/media?parent=3"}],"curies":[{"name":"wp","href":"https:\/\/api.w.org\/{rel}","templated":true}]}}